{"id":83,"date":"2022-04-20T06:50:07","date_gmt":"2022-04-20T06:50:07","guid":{"rendered":"https:\/\/thegasportal.com\/?page_id=83"},"modified":"2024-06-04T09:07:16","modified_gmt":"2024-06-04T09:07:16","slug":"hoe-we-werken","status":"publish","type":"page","link":"https:\/\/llms-solutions.com\/fr\/hoe-we-werken\/","title":{"rendered":"Comment nous travaillons"},"content":{"rendered":"<div data-vc-full-width=\"true\" data-vc-full-width-init=\"false\" class=\"vc_row wpb_row vc_row-fluid block list-block intro-list vc_row-o-content-bottom vc_row-flex wd-rs-619780681ed06\"><div class=\"wpb_column vc_column_container vc_col-sm-12 wd-alignment-left\"><div class=\"vc_column-inner\"><div class=\"wpb_wrapper\">\n\t<div class=\"wpb_text_column wpb_content_element headtitle background subtitle alt blue\" >\n\t\t<div class=\"wpb_wrapper\">\n\t\t\t<p>Concentrez-vous sur la vente, nous nous occupons du reste<\/p>\n\n\t\t<\/div>\n\t<\/div>\n<div class=\"vc_row wpb_row vc_inner vc_row-fluid images two centered vc_custom_1637254432571 vc_row-o-content-middle vc_row-flex wd-rs-619684ad4e7c5\"><div class=\"wpb_column vc_column_container vc_col-sm-12\"><div class=\"vc_column-inner\"><div class=\"wpb_wrapper\">\n\t<div  class=\"wpb_single_image wpb_content_element vc_align_left vc_custom_1650437420380 left bigger\">\n\t\t\n\t\t<figure class=\"wpb_wrapper vc_figure\">\n\t\t\t<div class=\"vc_single_image-wrapper   vc_box_border_grey\"><img decoding=\"async\" width=\"578\" height=\"128\" src=\"https:\/\/llms-solutions.com\/wp-content\/uploads\/2022\/04\/logo-03.svg\" class=\"vc_single_image-img attachment-full\" alt=\"\" title=\"logo-03\" \/><\/div>\n\t\t<\/figure>\n\t<\/div>\n\n\t<div class=\"wpb_text_column wpb_content_element\" >\n\t\t<div class=\"wpb_wrapper\">\n\t\t\t<ul>\n<li>Cylindre d'achat + \u00e9tiquette du produit<\/li>\n<li>Partenaire logistique vers\/depuis le centre de distribution<\/li>\n<li>Remplissage des cylindres<\/li>\n<li>Mod\u00e8le de pr\u00eat pour le cylindre<\/li>\n<\/ul>\n\n\t\t<\/div>\n\t<\/div>\n<\/div><\/div><\/div><\/div><\/div><\/div><\/div><\/div><div class=\"vc_row-full-width vc_clearfix\"><\/div><div data-vc-full-width=\"true\" data-vc-full-width-init=\"false\" class=\"vc_row wpb_row vc_row-fluid block list-block system-block vc_row-o-content-bottom vc_row-flex wd-rs-61976bc4563e5\"><div class=\"wpb_column vc_column_container vc_col-sm-12 wd-alignment-left\"><div class=\"vc_column-inner\"><div class=\"wpb_wrapper\">\n\t<div class=\"wpb_text_column wpb_content_element headtitle background subtitle alt blue\" >\n\t\t<div class=\"wpb_wrapper\">\n\t\t\t<h3>Comment fonctionne le syst\u00e8me de rotation des supermarch\u00e9s<\/h3>\n<h6>Exp\u00e9rience client | Boutique<\/h6>\n\n\t\t<\/div>\n\t<\/div>\n<div class=\"vc_row wpb_row vc_inner vc_row-fluid vc_row-o-equal-height vc_row-flex wd-rs-6197680acc1c3\"><div class=\"wpb_column vc_column_container vc_col-sm-4 vc_col-md-3 wd-rs-619766a81a70a\"><div class=\"vc_column-inner\"><div class=\"wpb_wrapper\">\n\t<div  class=\"wpb_single_image wpb_content_element vc_align_left system-image\">\n\t\t\n\t\t<figure class=\"wpb_wrapper vc_figure\">\n\t\t\t<div class=\"vc_single_image-wrapper   vc_box_border_grey\"><img decoding=\"async\" width=\"419\" height=\"238\" src=\"https:\/\/llms-solutions.com\/wp-content\/uploads\/2022\/04\/nieuweplaatjes-05.svg\" class=\"vc_single_image-img attachment-full\" alt=\"\" title=\"NOUVELLES IMAGES-05\" \/><\/div>\n\t\t<\/figure>\n\t<\/div>\n\n\t<div class=\"wpb_text_column wpb_content_element\" >\n\t\t<div class=\"wpb_wrapper\">\n\t\t\t<p>Unit\u00e9 de CO2 achet\u00e9e par le client, y compris 1 bouteille rechargeable<\/p>\n\n\t\t<\/div>\n\t<\/div>\n<\/div><\/div><\/div><div class=\"wpb_column vc_column_container vc_col-sm-4 vc_col-md-3 wd-rs-619766b38dafa\"><div class=\"vc_column-inner\"><div class=\"wpb_wrapper\">\n\t<div  class=\"wpb_single_image wpb_content_element vc_align_left system-image\">\n\t\t\n\t\t<figure class=\"wpb_wrapper vc_figure\">\n\t\t\t<div class=\"vc_single_image-wrapper   vc_box_border_grey\"><img decoding=\"async\" width=\"419\" height=\"238\" src=\"https:\/\/llms-solutions.com\/wp-content\/uploads\/2022\/04\/nieuweplaatjes-06.svg\" class=\"vc_single_image-img attachment-full\" alt=\"\" title=\"NOUVELLES IMAGES-06\" \/><\/div>\n\t\t<\/figure>\n\t<\/div>\n\n\t<div class=\"wpb_text_column wpb_content_element\" >\n\t\t<div class=\"wpb_wrapper\">\n\t\t\t<p>Un client ach\u00e8te une bouteille rechargeable suppl\u00e9mentaire au supermarch\u00e9<\/p>\n\n\t\t<\/div>\n\t<\/div>\n<\/div><\/div><\/div><div class=\"wpb_column vc_column_container vc_col-sm-4 vc_col-md-3 wd-rs-619766b9bbed4\"><div class=\"vc_column-inner\"><div class=\"wpb_wrapper\">\n\t<div  class=\"wpb_single_image wpb_content_element vc_align_left system-image\">\n\t\t\n\t\t<figure class=\"wpb_wrapper vc_figure\">\n\t\t\t<div class=\"vc_single_image-wrapper   vc_box_border_grey\"><img decoding=\"async\" width=\"419\" height=\"238\" src=\"https:\/\/llms-solutions.com\/wp-content\/uploads\/2022\/04\/nieuweplaatjes-07.svg\" class=\"vc_single_image-img attachment-full\" alt=\"\" title=\"NOUVELLES IMAGES-07\" \/><\/div>\n\t\t<\/figure>\n\t<\/div>\n\n\t<div class=\"wpb_text_column wpb_content_element\" >\n\t\t<div class=\"wpb_wrapper\">\n\t\t\t<p>Apr\u00e8s utilisation, le client rapporte les bouteilles vides au comptoir du supermarch\u00e9.<\/p>\n\n\t\t<\/div>\n\t<\/div>\n<\/div><\/div><\/div><div class=\"wpb_column vc_column_container vc_col-sm-4 vc_col-md-3 wd-rs-619766be9a61a\"><div class=\"vc_column-inner\"><div class=\"wpb_wrapper\">\n\t<div  class=\"wpb_single_image wpb_content_element vc_align_left system-image\">\n\t\t\n\t\t<figure class=\"wpb_wrapper vc_figure\">\n\t\t\t<div class=\"vc_single_image-wrapper   vc_box_border_grey\"><img decoding=\"async\" width=\"419\" height=\"238\" src=\"https:\/\/llms-solutions.com\/wp-content\/uploads\/2022\/04\/nieuweplaatjes-08.svg\" class=\"vc_single_image-img attachment-full\" alt=\"\" title=\"NOUVELLES PHOTOS-08\" \/><\/div>\n\t\t<\/figure>\n\t<\/div>\n\n\t<div class=\"wpb_text_column wpb_content_element\" >\n\t\t<div class=\"wpb_wrapper\">\n\t\t\t<p>Le client re\u00e7oit un nombre \u00e9gal de bouteilles pleines et paie imm\u00e9diatement.<\/p>\n\n\t\t<\/div>\n\t<\/div>\n<\/div><\/div><\/div><div class=\"wpb_column vc_column_container vc_col-sm-4 vc_col-md-3 wd-rs-619766c472811\"><div class=\"vc_column-inner\"><div class=\"wpb_wrapper\">\n\t<div  class=\"wpb_single_image wpb_content_element vc_align_left system-image\">\n\t\t\n\t\t<figure class=\"wpb_wrapper vc_figure\">\n\t\t\t<div class=\"vc_single_image-wrapper   vc_box_border_grey\"><img decoding=\"async\" width=\"419\" height=\"233\" src=\"https:\/\/llms-solutions.com\/wp-content\/uploads\/2022\/04\/nieuweplaatjes-09.svg\" class=\"vc_single_image-img attachment-full\" alt=\"\" title=\"NOUVELLES IMAGES-09\" \/><\/div>\n\t\t<\/figure>\n\t<\/div>\n\n\t<div class=\"wpb_text_column wpb_content_element\" >\n\t\t<div class=\"wpb_wrapper\">\n\t\t\t<p>Un employ\u00e9 lit le code-barres et stocke les bouteilles vides dans l'entrep\u00f4t.<\/p>\n\n\t\t<\/div>\n\t<\/div>\n<\/div><\/div><\/div><div class=\"wpb_column vc_column_container vc_col-sm-4 vc_col-md-3 wd-rs-619766c922b02\"><div class=\"vc_column-inner\"><div class=\"wpb_wrapper\">\n\t<div  class=\"wpb_single_image wpb_content_element vc_align_left system-image\">\n\t\t\n\t\t<figure class=\"wpb_wrapper vc_figure\">\n\t\t\t<div class=\"vc_single_image-wrapper   vc_box_border_grey\"><img decoding=\"async\" width=\"419\" height=\"233\" src=\"https:\/\/llms-solutions.com\/wp-content\/uploads\/2022\/04\/nieuweplaatjes-10.svg\" class=\"vc_single_image-img attachment-full\" alt=\"\" title=\"NOUVELLES IMAGES 10\" \/><\/div>\n\t\t<\/figure>\n\t<\/div>\n\n\t<div class=\"wpb_text_column wpb_content_element\" >\n\t\t<div class=\"wpb_wrapper\">\n\t\t\t<p>Le client re\u00e7oit une confirmation de retour<\/p>\n\n\t\t<\/div>\n\t<\/div>\n<\/div><\/div><\/div><\/div><\/div><\/div><\/div><\/div><div class=\"vc_row-full-width vc_clearfix\"><\/div><div data-vc-full-width=\"true\" data-vc-full-width-init=\"false\" class=\"vc_row wpb_row vc_row-fluid block list-block system-block second vc_row-o-content-bottom vc_row-flex wd-rs-61976bc86324a\"><div class=\"wpb_column vc_column_container vc_col-sm-12 wd-alignment-left\"><div class=\"vc_column-inner\"><div class=\"wpb_wrapper\">\n\t<div class=\"wpb_text_column wpb_content_element headtitle background subtitle alt blue\" >\n\t\t<div class=\"wpb_wrapper\">\n\t\t\t<h3>Comment fonctionne le syst\u00e8me de rotation des supermarch\u00e9s<\/h3>\n<h6>Concept de logistique<\/h6>\n\n\t\t<\/div>\n\t<\/div>\n<div class=\"vc_row wpb_row vc_inner vc_row-fluid vc_row-o-equal-height vc_row-flex wd-rs-6197681046d9a\"><div class=\"wpb_column vc_column_container vc_col-sm-4 vc_col-md-3 wd-rs-619766a81a70a\"><div class=\"vc_column-inner\"><div class=\"wpb_wrapper\">\n\t<div  class=\"wpb_single_image wpb_content_element vc_align_left system-image\">\n\t\t\n\t\t<figure class=\"wpb_wrapper vc_figure\">\n\t\t\t<div class=\"vc_single_image-wrapper   vc_box_border_grey\"><img decoding=\"async\" width=\"419\" height=\"233\" src=\"https:\/\/llms-solutions.com\/wp-content\/uploads\/2022\/04\/nieuweplaatjes-11.svg\" class=\"vc_single_image-img attachment-full\" alt=\"\" title=\"NOUVELLES PHOTOS 11\" \/><\/div>\n\t\t<\/figure>\n\t<\/div>\n\n\t<div class=\"wpb_text_column wpb_content_element\" >\n\t\t<div class=\"wpb_wrapper\">\n\t\t\t<p>Gasportal approvisionne un supermarch\u00e9 en bouteilles de CO2 de sa propre marque<\/p>\n\n\t\t<\/div>\n\t<\/div>\n<\/div><\/div><\/div><div class=\"wpb_column vc_column_container vc_col-sm-4 vc_col-md-3 wd-rs-619766b38dafa\"><div class=\"vc_column-inner\"><div class=\"wpb_wrapper\">\n\t<div  class=\"wpb_single_image wpb_content_element vc_align_left system-image\">\n\t\t\n\t\t<figure class=\"wpb_wrapper vc_figure\">\n\t\t\t<div class=\"vc_single_image-wrapper   vc_box_border_grey\"><img decoding=\"async\" width=\"419\" height=\"240\" src=\"https:\/\/llms-solutions.com\/wp-content\/uploads\/2022\/04\/nieuweplaatjes-18.svg\" class=\"vc_single_image-img attachment-full\" alt=\"\" title=\"NOUVELLES PHOTOS-18\" \/><\/div>\n\t\t<\/figure>\n\t<\/div>\n\n\t<div class=\"wpb_text_column wpb_content_element\" >\n\t\t<div class=\"wpb_wrapper\">\n\t\t\t<p>Les acheteurs des supermarch\u00e9s peuvent passer de nouvelles commandes de bouteilles de CO2 sur le portail en ligne<\/p>\n\n\t\t<\/div>\n\t<\/div>\n<\/div><\/div><\/div><div class=\"wpb_column vc_column_container vc_col-sm-4 vc_col-md-3 wd-rs-619766b9bbed4\"><div class=\"vc_column-inner\"><div class=\"wpb_wrapper\">\n\t<div  class=\"wpb_single_image wpb_content_element vc_align_left system-image\">\n\t\t\n\t\t<figure class=\"wpb_wrapper vc_figure\">\n\t\t\t<div class=\"vc_single_image-wrapper   vc_box_border_grey\"><img decoding=\"async\" width=\"419\" height=\"240\" src=\"https:\/\/llms-solutions.com\/wp-content\/uploads\/2022\/04\/nieuweplaatjes-13.svg\" class=\"vc_single_image-img attachment-full\" alt=\"\" title=\"NOUVELLES PHOTOS-13\" \/><\/div>\n\t\t<\/figure>\n\t<\/div>\n\n\t<div class=\"wpb_text_column wpb_content_element\" >\n\t\t<div class=\"wpb_wrapper\">\n\t\t\t<p>Gasportal livre au centre de distribution d'un supermarch\u00e9<\/p>\n\n\t\t<\/div>\n\t<\/div>\n<\/div><\/div><\/div><div class=\"wpb_column vc_column_container vc_col-sm-4 vc_col-md-3 wd-rs-619766be9a61a\"><div class=\"vc_column-inner\"><div class=\"wpb_wrapper\">\n\t<div  class=\"wpb_single_image wpb_content_element vc_align_left system-image\">\n\t\t\n\t\t<figure class=\"wpb_wrapper vc_figure\">\n\t\t\t<div class=\"vc_single_image-wrapper   vc_box_border_grey\"><img decoding=\"async\" width=\"419\" height=\"240\" src=\"https:\/\/llms-solutions.com\/wp-content\/uploads\/2022\/04\/nieuweplaatjes-14.svg\" class=\"vc_single_image-img attachment-full\" alt=\"\" title=\"NOUVELLES PHOTOS-14\" \/><\/div>\n\t\t<\/figure>\n\t<\/div>\n\n\t<div class=\"wpb_text_column wpb_content_element\" >\n\t\t<div class=\"wpb_wrapper\">\n\t\t\t<p>Gasportal reprend imm\u00e9diatement les bouteilles vides<\/p>\n\n\t\t<\/div>\n\t<\/div>\n<\/div><\/div><\/div><div class=\"wpb_column vc_column_container vc_col-sm-4 vc_col-md-3 wd-rs-619766c472811\"><div class=\"vc_column-inner\"><div class=\"wpb_wrapper\">\n\t<div  class=\"wpb_single_image wpb_content_element vc_align_left system-image\">\n\t\t\n\t\t<figure class=\"wpb_wrapper vc_figure\">\n\t\t\t<div class=\"vc_single_image-wrapper   vc_box_border_grey\"><img decoding=\"async\" width=\"419\" height=\"240\" src=\"https:\/\/llms-solutions.com\/wp-content\/uploads\/2022\/04\/nieuweplaatjes-15.svg\" class=\"vc_single_image-img attachment-full\" alt=\"\" title=\"NOUVELLES IMAGES-15\" \/><\/div>\n\t\t<\/figure>\n\t<\/div>\n\n\t<div class=\"wpb_text_column wpb_content_element\" >\n\t\t<div class=\"wpb_wrapper\">\n\t\t\t<p>Gasportal recharge les bouteilles vides et restaure les \u00e9tiquettes<\/p>\n\n\t\t<\/div>\n\t<\/div>\n<\/div><\/div><\/div><div class=\"wpb_column vc_column_container vc_col-sm-4 vc_col-md-3 wd-rs-619766c922b02\"><div class=\"vc_column-inner\"><div class=\"wpb_wrapper\">\n\t<div  class=\"wpb_single_image wpb_content_element vc_align_left system-image\">\n\t\t\n\t\t<figure class=\"wpb_wrapper vc_figure\">\n\t\t\t<div class=\"vc_single_image-wrapper   vc_box_border_grey\"><img decoding=\"async\" width=\"419\" height=\"240\" src=\"https:\/\/llms-solutions.com\/wp-content\/uploads\/2022\/04\/nieuweplaatjes-16.svg\" class=\"vc_single_image-img attachment-full\" alt=\"\" title=\"NOUVELLES PHOTOS-16\" \/><\/div>\n\t\t<\/figure>\n\t<\/div>\n\n\t<div class=\"wpb_text_column wpb_content_element\" >\n\t\t<div class=\"wpb_wrapper\">\n\t\t\t<p>Gasportal traite le stock et retourne les bouteilles vides<\/p>\n\n\t\t<\/div>\n\t<\/div>\n<\/div><\/div><\/div><div class=\"wpb_column vc_column_container vc_col-sm-4 vc_col-md-3 wd-rs-619767d0f3316\"><div class=\"vc_column-inner\"><div class=\"wpb_wrapper\">\n\t<div  class=\"wpb_single_image wpb_content_element vc_align_left system-image\">\n\t\t\n\t\t<figure class=\"wpb_wrapper vc_figure\">\n\t\t\t<div class=\"vc_single_image-wrapper   vc_box_border_grey\"><img decoding=\"async\" width=\"419\" height=\"240\" src=\"https:\/\/llms-solutions.com\/wp-content\/uploads\/2022\/04\/nieuweplaatjes-17.svg\" class=\"vc_single_image-img attachment-full\" alt=\"\" title=\"NOUVELLES IMAGES-17\" \/><\/div>\n\t\t<\/figure>\n\t<\/div>\n\n\t<div class=\"wpb_text_column wpb_content_element\" >\n\t\t<div class=\"wpb_wrapper\">\n\t\t\t<p>Facturation p\u00e9riodique<\/p>\n\n\t\t<\/div>\n\t<\/div>\n<\/div><\/div><\/div><div class=\"wpb_column vc_column_container vc_col-sm-4 vc_col-md-3 wd-rs-619767db05628\"><div class=\"vc_column-inner\"><div class=\"wpb_wrapper\">\n\t<div  class=\"wpb_single_image wpb_content_element vc_align_left system-image\">\n\t\t\n\t\t<figure class=\"wpb_wrapper vc_figure\">\n\t\t\t<div class=\"vc_single_image-wrapper   vc_box_border_grey\"><img decoding=\"async\" width=\"419\" height=\"240\" src=\"https:\/\/llms-solutions.com\/wp-content\/uploads\/2022\/04\/nieuweplaatjes-18.svg\" class=\"vc_single_image-img attachment-full\" alt=\"\" title=\"NOUVELLES PHOTOS-18\" \/><\/div>\n\t\t<\/figure>\n\t<\/div>\n\n\t<div class=\"wpb_text_column wpb_content_element\" >\n\t\t<div class=\"wpb_wrapper\">\n\t\t\t<p>Le supermarch\u00e9 dispose d'un tableau de bord avec les chiffres de vente, le stock et les retours.<\/p>\n\n\t\t<\/div>\n\t<\/div>\n<\/div><\/div><\/div><\/div><\/div><\/div><\/div><\/div><div class=\"vc_row-full-width vc_clearfix\"><\/div><div data-vc-full-width=\"true\" data-vc-full-width-init=\"false\" data-vc-stretch-content=\"true\" class=\"vc_row wpb_row vc_row-fluid image-text text-center block-margin big-text workpage vc_custom_1650616576032 vc_row-has-fill vc_row-o-content-middle vc_row-flex wd-rs-626268488a739\"><div class=\"wpb_column vc_column_container vc_col-sm-12 wd-alignment-left\"><div class=\"vc_column-inner\"><div class=\"wpb_wrapper\">\n\t<div class=\"wpb_text_column wpb_content_element\" >\n\t\t<div class=\"wpb_wrapper\">\n\t\t\t<p style=\"text-align: center;\">OFFRE LA COMMODIT\u00c9 \u00c0 VOTRE CLIENT<\/p>\n\n\t\t<\/div>\n\t<\/div>\n<\/div><\/div><\/div><\/div><div class=\"vc_row-full-width vc_clearfix\"><\/div><div data-vc-full-width=\"true\" data-vc-full-width-init=\"false\" class=\"vc_row wpb_row vc_row-fluid contact vc_custom_1640108963219 vc_row-has-fill wd-rs-61c213a05dec9\"><div class=\"wpb_column vc_column_container vc_col-sm-12 wd-alignment-left\"><div class=\"vc_column-inner\"><div class=\"wpb_wrapper\">\n\t<div class=\"wpb_text_column wpb_content_element\" >\n\t\t<div class=\"wpb_wrapper\">\n\t\t\t<h2 style=\"text-align: center;\">Nous contacter<\/h2>\n<p dir=\"ltr\" style=\"text-align: center;\"><strong>LLMS SOLUTIONS SP\u00d3\u0141KA Z OGRANICZON\u0104 ODPOWIEDZIALNO\u015aCI\u0104<\/strong><\/p>\n<p dir=\"ltr\" style=\"text-align: center;\">M : <a href=\"mailto:Sales@llms-Solutions.com\">Sales@llms-Solutions.com<\/a><br \/>\nT : +48 789661710<\/p>\n<p class=\"p1\" style=\"text-align: center;\">\u015anie\u017ckowice 31C<br \/>\n27-425 wa\u015bni\u00f3w, Pologne<\/p>\n<p class=\"p1\" style=\"text-align: center;\">REGON : 525201835<br \/>\nNIP : 6612386844<br \/>\nNum\u00e9ro KRS : 0001034026<\/p>\n<p dir=\"ltr\" style=\"text-align: center;\"><a href=\"https:\/\/llms-solutions.com\/fr\/terms-of-service\/\">Conditions d'utilisation<\/a> | <a href=\"https:\/\/llms-solutions.com\/fr\/privacy-policy\/\">Politique de confidentialit\u00e9<\/a><\/p>\n\n\t\t<\/div>\n\t<\/div>\n<\/div><\/div><\/div><\/div><div class=\"vc_row-full-width vc_clearfix\"><\/div>","protected":false},"excerpt":{"rendered":"Concentrez-vous sur les ventes, nous nous chargeons du reste Achat de la bouteille + \u00e9tiquette du produit Partenaire logistique vers\/depuis le centre de distribution Remplissage des bouteilles","protected":false},"author":1,"featured_media":0,"parent":0,"menu_order":0,"comment_status":"closed","ping_status":"closed","template":"","meta":{"footnotes":""},"class_list":["post-83","page","type-page","status-publish","hentry"],"yoast_head":"<!-- This site is optimized with the Yoast SEO plugin v25.1 - https:\/\/yoast.com\/wordpress\/plugins\/seo\/ -->\n<title>Hoe we werken - The Gas-Portal<\/title>\n<meta name=\"robots\" content=\"index, follow, max-snippet:-1, max-image-preview:large, max-video-preview:-1\" \/>\n<link rel=\"canonical\" href=\"https:\/\/llms-solutions.com\/fr\/hoe-we-werken\/\" \/>\n<meta property=\"og:locale\" content=\"fr_FR\" \/>\n<meta property=\"og:type\" content=\"article\" \/>\n<meta property=\"og:title\" content=\"Hoe we werken - The Gas-Portal\" \/>\n<meta property=\"og:url\" content=\"https:\/\/llms-solutions.com\/fr\/hoe-we-werken\/\" \/>\n<meta property=\"og:site_name\" content=\"The Gas-Portal\" \/>\n<meta property=\"article:modified_time\" content=\"2024-06-04T09:07:16+00:00\" \/>\n<meta name=\"twitter:card\" content=\"summary_large_image\" \/>\n<meta name=\"twitter:label1\" content=\"Dur\u00e9e de lecture estim\u00e9e\" \/>\n\t<meta name=\"twitter:data1\" content=\"3 minutes\" \/>\n<script type=\"application\/ld+json\" class=\"yoast-schema-graph\">{\"@context\":\"https:\/\/schema.org\",\"@graph\":[{\"@type\":\"WebPage\",\"@id\":\"https:\/\/llms-solutions.com\/hoe-we-werken\/\",\"url\":\"https:\/\/llms-solutions.com\/hoe-we-werken\/\",\"name\":\"Hoe we werken - The Gas-Portal\",\"isPartOf\":{\"@id\":\"https:\/\/llms-solutions.com\/#website\"},\"datePublished\":\"2022-04-20T06:50:07+00:00\",\"dateModified\":\"2024-06-04T09:07:16+00:00\",\"breadcrumb\":{\"@id\":\"https:\/\/llms-solutions.com\/hoe-we-werken\/#breadcrumb\"},\"inLanguage\":\"fr-FR\",\"potentialAction\":[{\"@type\":\"ReadAction\",\"target\":[\"https:\/\/llms-solutions.com\/hoe-we-werken\/\"]}]},{\"@type\":\"BreadcrumbList\",\"@id\":\"https:\/\/llms-solutions.com\/hoe-we-werken\/#breadcrumb\",\"itemListElement\":[{\"@type\":\"ListItem\",\"position\":1,\"name\":\"Home\",\"item\":\"https:\/\/llms-solutions.com\/\"},{\"@type\":\"ListItem\",\"position\":2,\"name\":\"Hoe we werken\"}]},{\"@type\":\"WebSite\",\"@id\":\"https:\/\/llms-solutions.com\/#website\",\"url\":\"https:\/\/llms-solutions.com\/\",\"name\":\"The Gas-Portal\",\"description\":\"Innovative partner in consumer products\",\"potentialAction\":[{\"@type\":\"SearchAction\",\"target\":{\"@type\":\"EntryPoint\",\"urlTemplate\":\"https:\/\/llms-solutions.com\/?s={search_term_string}\"},\"query-input\":{\"@type\":\"PropertyValueSpecification\",\"valueRequired\":true,\"valueName\":\"search_term_string\"}}],\"inLanguage\":\"fr-FR\"}]}<\/script>\n<!-- \/ Yoast SEO plugin. -->","yoast_head_json":{"title":"Hoe we werken - The Gas-Portal","robots":{"index":"index","follow":"follow","max-snippet":"max-snippet:-1","max-image-preview":"max-image-preview:large","max-video-preview":"max-video-preview:-1"},"canonical":"https:\/\/llms-solutions.com\/fr\/hoe-we-werken\/","og_locale":"fr_FR","og_type":"article","og_title":"Hoe we werken - The Gas-Portal","og_url":"https:\/\/llms-solutions.com\/fr\/hoe-we-werken\/","og_site_name":"The Gas-Portal","article_modified_time":"2024-06-04T09:07:16+00:00","twitter_card":"summary_large_image","twitter_misc":{"Dur\u00e9e de lecture estim\u00e9e":"3 minutes"},"schema":{"@context":"https:\/\/schema.org","@graph":[{"@type":"WebPage","@id":"https:\/\/llms-solutions.com\/hoe-we-werken\/","url":"https:\/\/llms-solutions.com\/hoe-we-werken\/","name":"Hoe we werken - The Gas-Portal","isPartOf":{"@id":"https:\/\/llms-solutions.com\/#website"},"datePublished":"2022-04-20T06:50:07+00:00","dateModified":"2024-06-04T09:07:16+00:00","breadcrumb":{"@id":"https:\/\/llms-solutions.com\/hoe-we-werken\/#breadcrumb"},"inLanguage":"fr-FR","potentialAction":[{"@type":"ReadAction","target":["https:\/\/llms-solutions.com\/hoe-we-werken\/"]}]},{"@type":"BreadcrumbList","@id":"https:\/\/llms-solutions.com\/hoe-we-werken\/#breadcrumb","itemListElement":[{"@type":"ListItem","position":1,"name":"Home","item":"https:\/\/llms-solutions.com\/"},{"@type":"ListItem","position":2,"name":"Hoe we werken"}]},{"@type":"WebSite","@id":"https:\/\/llms-solutions.com\/#website","url":"https:\/\/llms-solutions.com\/","name":"The Gas-Portal","description":"Innovative partner in consumer products","potentialAction":[{"@type":"SearchAction","target":{"@type":"EntryPoint","urlTemplate":"https:\/\/llms-solutions.com\/?s={search_term_string}"},"query-input":{"@type":"PropertyValueSpecification","valueRequired":true,"valueName":"search_term_string"}}],"inLanguage":"fr-FR"}]}},"_links":{"self":[{"href":"https:\/\/llms-solutions.com\/fr\/wp-json\/wp\/v2\/pages\/83","targetHints":{"allow":["GET"]}}],"collection":[{"href":"https:\/\/llms-solutions.com\/fr\/wp-json\/wp\/v2\/pages"}],"about":[{"href":"https:\/\/llms-solutions.com\/fr\/wp-json\/wp\/v2\/types\/page"}],"author":[{"embeddable":true,"href":"https:\/\/llms-solutions.com\/fr\/wp-json\/wp\/v2\/users\/1"}],"replies":[{"embeddable":true,"href":"https:\/\/llms-solutions.com\/fr\/wp-json\/wp\/v2\/comments?post=83"}],"version-history":[{"count":8,"href":"https:\/\/llms-solutions.com\/fr\/wp-json\/wp\/v2\/pages\/83\/revisions"}],"predecessor-version":[{"id":146,"href":"https:\/\/llms-solutions.com\/fr\/wp-json\/wp\/v2\/pages\/83\/revisions\/146"}],"wp:attachment":[{"href":"https:\/\/llms-solutions.com\/fr\/wp-json\/wp\/v2\/media?parent=83"}],"curies":[{"name":"wp","href":"https:\/\/api.w.org\/{rel}","templated":true}]}}