{"id":81,"date":"2022-04-20T06:45:35","date_gmt":"2022-04-20T06:45:35","guid":{"rendered":"https:\/\/thegasportal.com\/?page_id=81"},"modified":"2024-06-04T09:08:06","modified_gmt":"2024-06-04T09:08:06","slug":"voordelen","status":"publish","type":"page","link":"https:\/\/llms-solutions.com\/fr\/voordelen\/","title":{"rendered":"Avantages"},"content":{"rendered":"<div data-vc-full-width=\"true\" data-vc-full-width-init=\"false\" class=\"vc_row wpb_row vc_row-fluid block vc_row-o-equal-height vc_row-o-content-bottom vc_row-flex wd-rs-61978371dd0d0\"><div class=\"wpb_column vc_column_container vc_col-sm-12 wd-alignment-left\"><div class=\"vc_column-inner\"><div class=\"wpb_wrapper\">\n\t<div class=\"wpb_text_column wpb_content_element headtitle background\" >\n\t\t<div class=\"wpb_wrapper\">\n\t\t\t<p>Votre propre marque priv\u00e9e de cylindre de CO2,<br \/>\nnotamment pour les supermarch\u00e9s<\/p>\n\n\t\t<\/div>\n\t<\/div>\n<div class=\"vc_row wpb_row vc_inner vc_row-fluid images bubbles wd-rs-61c20b935d754\"><div class=\"wpb_column vc_column_container vc_col-sm-12 vc_hidden-xs wd-rs-61977bb698b92\"><div class=\"vc_column-inner\"><div class=\"wpb_wrapper\">\n\t<div  class=\"wpb_single_image wpb_content_element vc_align_left left first-image\">\n\t\t\n\t\t<figure class=\"wpb_wrapper vc_figure\">\n\t\t\t<div class=\"vc_single_image-wrapper   vc_box_border_grey\"><img decoding=\"async\" width=\"200\" height=\"403\" src=\"https:\/\/llms-solutions.com\/wp-content\/uploads\/2022\/04\/streamflessen-02.jpg\" class=\"vc_single_image-img attachment-full\" alt=\"\" title=\"Gasportal - Pr\u00e9sentation du site web -- Avec visuels - Final\" srcset=\"https:\/\/llms-solutions.com\/wp-content\/uploads\/2022\/04\/streamflessen-02.jpg 200w, https:\/\/llms-solutions.com\/wp-content\/uploads\/2022\/04\/streamflessen-02-149x300.jpg 149w\" sizes=\"(max-width: 200px) 100vw, 200px\" \/><\/div>\n\t\t<\/figure>\n\t<\/div>\n\n\t<div  class=\"wpb_single_image wpb_content_element vc_align_left right nederlands\">\n\t\t\n\t\t<figure class=\"wpb_wrapper vc_figure\">\n\t\t\t<div class=\"vc_single_image-wrapper   vc_box_border_grey\"><img decoding=\"async\" width=\"589\" height=\"329\" src=\"https:\/\/llms-solutions.com\/wp-content\/uploads\/2022\/04\/Gasportal-Website-presentatie-Met-Visuals-Final-gesleept-01.svg\" class=\"vc_single_image-img attachment-full\" alt=\"\" title=\"Gasportal-Site Web-Pr\u00e9sentation-Avec-Visuels-Finale-Slept-01\" \/><\/div>\n\t\t<\/figure>\n\t<\/div>\n\n\t<div  class=\"wpb_single_image wpb_content_element vc_align_left right engels\">\n\t\t\n\t\t<figure class=\"wpb_wrapper vc_figure\">\n\t\t\t<div class=\"vc_single_image-wrapper   vc_box_border_grey\"><img decoding=\"async\" width=\"564\" height=\"329\" src=\"https:\/\/llms-solutions.com\/wp-content\/uploads\/2022\/04\/bubbles-01.svg\" class=\"vc_single_image-img attachment-full\" alt=\"\" title=\"bulles-01\" \/><\/div>\n\t\t<\/figure>\n\t<\/div>\n\n\t<div  class=\"wpb_single_image wpb_content_element vc_align_left right frans\">\n\t\t\n\t\t<figure class=\"wpb_wrapper vc_figure\">\n\t\t\t<div class=\"vc_single_image-wrapper   vc_box_border_grey\"><img decoding=\"async\" width=\"559\" height=\"329\" src=\"https:\/\/llms-solutions.com\/wp-content\/uploads\/2022\/04\/bubbles-02.svg\" class=\"vc_single_image-img attachment-full\" alt=\"\" title=\"bulles-02\" \/><\/div>\n\t\t<\/figure>\n\t<\/div>\n<\/div><\/div><\/div><\/div><div class=\"vc_row wpb_row vc_inner vc_row-fluid images bubbles wd-rs-61c20b9de8e36\"><div class=\"wpb_column vc_column_container vc_col-sm-12 vc_hidden-lg vc_hidden-md vc_hidden-sm wd-rs-61977bb0ed177\"><div class=\"vc_column-inner\"><div class=\"wpb_wrapper\">\n\t<div  class=\"wpb_single_image wpb_content_element vc_align_left right nederlands\">\n\t\t\n\t\t<figure class=\"wpb_wrapper vc_figure\">\n\t\t\t<div class=\"vc_single_image-wrapper   vc_box_border_grey\"><img decoding=\"async\" width=\"1945\" height=\"1918\" src=\"https:\/\/llms-solutions.com\/wp-content\/uploads\/2022\/04\/Nederlandse-bubbels-NL-03.jpg\" class=\"vc_single_image-img attachment-full\" alt=\"\" title=\"Bulles n\u00e9erlandaises - NL-03\" srcset=\"https:\/\/llms-solutions.com\/wp-content\/uploads\/2022\/04\/Nederlandse-bubbels-NL-03.jpg 1945w, https:\/\/llms-solutions.com\/wp-content\/uploads\/2022\/04\/Nederlandse-bubbels-NL-03-300x296.jpg 300w, https:\/\/llms-solutions.com\/wp-content\/uploads\/2022\/04\/Nederlandse-bubbels-NL-03-1024x1010.jpg 1024w\" sizes=\"(max-width: 1945px) 100vw, 1945px\" \/><\/div>\n\t\t<\/figure>\n\t<\/div>\n\n\t<div  class=\"wpb_single_image wpb_content_element vc_align_left right engels\">\n\t\t\n\t\t<figure class=\"wpb_wrapper vc_figure\">\n\t\t\t<div class=\"vc_single_image-wrapper   vc_box_border_grey\"><img decoding=\"async\" width=\"1500\" height=\"1479\" src=\"https:\/\/llms-solutions.com\/wp-content\/uploads\/2022\/04\/Bubbels-03.jpg\" class=\"vc_single_image-img attachment-full\" alt=\"\" title=\"Gasportal - Pr\u00e9sentation du site web -- Avec visuels - Final (tra\u00een\u00e9)\" srcset=\"https:\/\/llms-solutions.com\/wp-content\/uploads\/2022\/04\/Bubbels-03.jpg 1500w, https:\/\/llms-solutions.com\/wp-content\/uploads\/2022\/04\/Bubbels-03-300x296.jpg 300w, https:\/\/llms-solutions.com\/wp-content\/uploads\/2022\/04\/Bubbels-03-1024x1010.jpg 1024w\" sizes=\"(max-width: 1500px) 100vw, 1500px\" \/><\/div>\n\t\t<\/figure>\n\t<\/div>\n\n\t<div  class=\"wpb_single_image wpb_content_element vc_align_left right frans\">\n\t\t\n\t\t<figure class=\"wpb_wrapper vc_figure\">\n\t\t\t<div class=\"vc_single_image-wrapper   vc_box_border_grey\"><img decoding=\"async\" width=\"1500\" height=\"1480\" src=\"https:\/\/llms-solutions.com\/wp-content\/uploads\/2022\/04\/Bubbels-04.jpg\" class=\"vc_single_image-img attachment-full\" alt=\"\" title=\"Gasportal - Pr\u00e9sentation du site web -- Avec visuels - Final (tra\u00een\u00e9)\" srcset=\"https:\/\/llms-solutions.com\/wp-content\/uploads\/2022\/04\/Bubbels-04.jpg 1500w, https:\/\/llms-solutions.com\/wp-content\/uploads\/2022\/04\/Bubbels-04-300x296.jpg 300w, https:\/\/llms-solutions.com\/wp-content\/uploads\/2022\/04\/Bubbels-04-1024x1010.jpg 1024w\" sizes=\"(max-width: 1500px) 100vw, 1500px\" \/><\/div>\n\t\t<\/figure>\n\t<\/div>\n<\/div><\/div><\/div><\/div><\/div><\/div><\/div><\/div><div class=\"vc_row-full-width vc_clearfix\"><\/div><div data-vc-full-width=\"true\" data-vc-full-width-init=\"false\" class=\"vc_row wpb_row vc_row-fluid block vc_row-o-content-bottom vc_row-flex wd-rs-6196713a6c449\"><div class=\"wpb_column vc_column_container vc_col-sm-12 wd-alignment-left\"><div class=\"vc_column-inner\"><div class=\"wpb_wrapper\">\n\t<div class=\"wpb_text_column wpb_content_element headtitle background subtitle alt\" >\n\t\t<div class=\"wpb_wrapper\">\n\t\t\t<p>Profiter d'un besoin croissant chez les consommateurs<\/p>\n\n\t\t<\/div>\n\t<\/div>\n<div class=\"vc_row wpb_row vc_inner vc_row-fluid images two centered vc_row-o-content-middle vc_row-flex wd-rs-619664d24e362\"><div class=\"wpb_column vc_column_container vc_col-sm-12\"><div class=\"vc_column-inner\"><div class=\"wpb_wrapper\">\n\t<div  class=\"wpb_single_image wpb_content_element vc_align_left left\">\n\t\t\n\t\t<figure class=\"wpb_wrapper vc_figure\">\n\t\t\t<div class=\"vc_single_image-wrapper   vc_box_border_grey\"><img decoding=\"async\" width=\"316\" height=\"843\" src=\"https:\/\/llms-solutions.com\/wp-content\/uploads\/2022\/04\/Gasportal-Website-presentatie-Met-Visuals-Final-gesleept-03.jpg\" class=\"vc_single_image-img attachment-full\" alt=\"\" title=\"Gasportal - Pr\u00e9sentation du site web -- Avec visuels - Final (Deleted)-03\" srcset=\"https:\/\/llms-solutions.com\/wp-content\/uploads\/2022\/04\/Gasportal-Website-presentatie-Met-Visuals-Final-gesleept-03.jpg 316w, https:\/\/llms-solutions.com\/wp-content\/uploads\/2022\/04\/Gasportal-Website-presentatie-Met-Visuals-Final-gesleept-03-112x300.jpg 112w, https:\/\/llms-solutions.com\/wp-content\/uploads\/2022\/04\/Gasportal-Website-presentatie-Met-Visuals-Final-gesleept-03-4x12.jpg 4w\" sizes=\"(max-width: 316px) 100vw, 316px\" \/><\/div>\n\t\t<\/figure>\n\t<\/div>\n\n\t<div  class=\"wpb_single_image wpb_content_element vc_align_left center\">\n\t\t\n\t\t<figure class=\"wpb_wrapper vc_figure\">\n\t\t\t<div class=\"vc_single_image-wrapper   vc_box_border_grey\"><img decoding=\"async\" width=\"1440\" height=\"810\" src=\"https:\/\/llms-solutions.com\/wp-content\/uploads\/2022\/04\/markt-ontwikkeling.webp\" class=\"vc_single_image-img attachment-full\" alt=\"\" title=\"d\u00e9veloppement du march\u00e9\" srcset=\"https:\/\/llms-solutions.com\/wp-content\/uploads\/2022\/04\/markt-ontwikkeling.webp 1440w, https:\/\/llms-solutions.com\/wp-content\/uploads\/2022\/04\/markt-ontwikkeling-300x169.webp 300w, https:\/\/llms-solutions.com\/wp-content\/uploads\/2022\/04\/markt-ontwikkeling-1024x576.webp 1024w, https:\/\/llms-solutions.com\/wp-content\/uploads\/2022\/04\/markt-ontwikkeling-768x432.webp 768w, https:\/\/llms-solutions.com\/wp-content\/uploads\/2022\/04\/markt-ontwikkeling-18x10.webp 18w\" sizes=\"(max-width: 1440px) 100vw, 1440px\" \/><\/div>\n\t\t<\/figure>\n\t<\/div>\n\n\t<div  class=\"wpb_single_image wpb_content_element vc_align_left right\">\n\t\t\n\t\t<figure class=\"wpb_wrapper vc_figure\">\n\t\t\t<div class=\"vc_single_image-wrapper   vc_box_border_grey\"><img decoding=\"async\" width=\"498\" height=\"792\" src=\"https:\/\/llms-solutions.com\/wp-content\/uploads\/2022\/04\/Sodastream-apparaat-2.png\" class=\"vc_single_image-img attachment-full\" alt=\"\" title=\"Dispositif Sodastream 2\" srcset=\"https:\/\/llms-solutions.com\/wp-content\/uploads\/2022\/04\/Sodastream-apparaat-2.png 498w, https:\/\/llms-solutions.com\/wp-content\/uploads\/2022\/04\/Sodastream-apparaat-2-189x300.png 189w\" sizes=\"(max-width: 498px) 100vw, 498px\" \/><\/div>\n\t\t<\/figure>\n\t<\/div>\n<\/div><\/div><\/div><\/div><\/div><\/div><\/div><\/div><div class=\"vc_row-full-width vc_clearfix\"><\/div><div data-vc-full-width=\"true\" data-vc-full-width-init=\"false\" class=\"vc_row wpb_row vc_row-fluid block list-block vc_row-o-content-bottom vc_row-flex wd-rs-61967ca74d794\"><div class=\"wpb_column vc_column_container vc_col-sm-12 wd-alignment-left\"><div class=\"vc_column-inner\"><div class=\"wpb_wrapper\">\n\t<div class=\"wpb_text_column wpb_content_element headtitle background subtitle alt\" >\n\t\t<div class=\"wpb_wrapper\">\n\t\t\t<p>La bouteille de CO2 de marque maison<\/p>\n<h3>Avantages pour les entreprises&amp;#8230 ;<\/h3>\n\n\t\t<\/div>\n\t<\/div>\n<div class=\"vc_row wpb_row vc_inner vc_row-fluid images two centered vc_row-o-content-middle vc_row-flex wd-rs-619664d24e362\"><div class=\"wpb_column vc_column_container vc_col-sm-12\"><div class=\"vc_column-inner\"><div class=\"wpb_wrapper\">\n\t<div  class=\"wpb_single_image wpb_content_element vc_align_left left\">\n\t\t\n\t\t<figure class=\"wpb_wrapper vc_figure\">\n\t\t\t<div class=\"vc_single_image-wrapper   vc_box_border_grey\"><img decoding=\"async\" width=\"316\" height=\"843\" src=\"https:\/\/llms-solutions.com\/wp-content\/uploads\/2022\/04\/Gasportal-Website-presentatie-Met-Visuals-Final-gesleept-03.jpg\" class=\"vc_single_image-img attachment-full\" alt=\"\" title=\"Gasportal - Pr\u00e9sentation du site web -- Avec visuels - Final (Deleted)-03\" srcset=\"https:\/\/llms-solutions.com\/wp-content\/uploads\/2022\/04\/Gasportal-Website-presentatie-Met-Visuals-Final-gesleept-03.jpg 316w, https:\/\/llms-solutions.com\/wp-content\/uploads\/2022\/04\/Gasportal-Website-presentatie-Met-Visuals-Final-gesleept-03-112x300.jpg 112w, https:\/\/llms-solutions.com\/wp-content\/uploads\/2022\/04\/Gasportal-Website-presentatie-Met-Visuals-Final-gesleept-03-4x12.jpg 4w\" sizes=\"(max-width: 316px) 100vw, 316px\" \/><\/div>\n\t\t<\/figure>\n\t<\/div>\n\n\t<div class=\"wpb_text_column wpb_content_element\" >\n\t\t<div class=\"wpb_wrapper\">\n\t\t\t<ul>\n<li><strong>Entreprises durables et socialement responsables<\/strong><\/li>\n<li><strong>Augmenter la r\u00e9tention des clients<\/strong><\/li>\n<li><strong>Augmenter la pr\u00e9sence de la marque<\/strong><\/li>\n<li><strong>Marges b\u00e9n\u00e9ficiaires<\/strong><\/li>\n<li><strong>B\u00e9n\u00e9ficier d'un march\u00e9 en pleine croissance<\/strong><\/li>\n<\/ul>\n\n\t\t<\/div>\n\t<\/div>\n<\/div><\/div><\/div><\/div><\/div><\/div><\/div><\/div><div class=\"vc_row-full-width vc_clearfix\"><\/div><div data-vc-full-width=\"true\" data-vc-full-width-init=\"false\" class=\"vc_row wpb_row vc_row-fluid block list-block vc_row-o-content-bottom vc_row-flex wd-rs-61967ca74d794\"><div class=\"wpb_column vc_column_container vc_col-sm-12 wd-alignment-left\"><div class=\"vc_column-inner\"><div class=\"wpb_wrapper\">\n\t<div class=\"wpb_text_column wpb_content_element headtitle background subtitle alt\" >\n\t\t<div class=\"wpb_wrapper\">\n\t\t\t<p>La bouteille SODA de marque priv\u00e9e<\/p>\n<h3>Avantages pour les consommateurs&amp;#8230 ;<\/h3>\n\n\t\t<\/div>\n\t<\/div>\n<div class=\"vc_row wpb_row vc_inner vc_row-fluid images two centered vc_row-o-content-middle vc_row-flex wd-rs-619664d24e362\"><div class=\"wpb_column vc_column_container vc_col-sm-12\"><div class=\"vc_column-inner\"><div class=\"wpb_wrapper\">\n\t<div  class=\"wpb_single_image wpb_content_element vc_align_left left\">\n\t\t\n\t\t<figure class=\"wpb_wrapper vc_figure\">\n\t\t\t<div class=\"vc_single_image-wrapper   vc_box_border_grey\"><img decoding=\"async\" width=\"316\" height=\"843\" src=\"https:\/\/llms-solutions.com\/wp-content\/uploads\/2022\/04\/Gasportal-Website-presentatie-Met-Visuals-Final-gesleept-03.jpg\" class=\"vc_single_image-img attachment-full\" alt=\"\" title=\"Gasportal - Pr\u00e9sentation du site web -- Avec visuels - Final (Deleted)-03\" srcset=\"https:\/\/llms-solutions.com\/wp-content\/uploads\/2022\/04\/Gasportal-Website-presentatie-Met-Visuals-Final-gesleept-03.jpg 316w, https:\/\/llms-solutions.com\/wp-content\/uploads\/2022\/04\/Gasportal-Website-presentatie-Met-Visuals-Final-gesleept-03-112x300.jpg 112w, https:\/\/llms-solutions.com\/wp-content\/uploads\/2022\/04\/Gasportal-Website-presentatie-Met-Visuals-Final-gesleept-03-4x12.jpg 4w\" sizes=\"(max-width: 316px) 100vw, 316px\" \/><\/div>\n\t\t<\/figure>\n\t<\/div>\n\n\t<div class=\"wpb_text_column wpb_content_element\" >\n\t\t<div class=\"wpb_wrapper\">\n\t\t\t<ul>\n<li style=\"font-weight: 400;\" aria-level=\"1\"><b>\u00c9conomies de co\u00fbts<\/b><span style=\"font-weight: 400;\"> &amp;#8211 ; 60L d'eau gazeuse par cylindre<\/span><\/li>\n<li style=\"font-weight: 400;\" aria-level=\"1\"><b>Commodit\u00e9 <\/b><span style=\"font-weight: 400;\">&amp;#8211 ; rapide et sans transport de bouteilles lourdes<\/span><\/li>\n<li style=\"font-weight: 400;\" aria-level=\"1\"><b>Respect de l'environnement<\/b> <span style=\"font-weight: 400;\">#8211 ; Une bouteille remplace 60 bouteilles PET de 1 litre.<\/span><\/li>\n<li style=\"font-weight: 400;\" aria-level=\"1\"><b>Disponibilit\u00e9 <\/b><span style=\"font-weight: 400;\">&amp;#8211 ; acc\u00e8s permanent \u00e0 de l'eau gazeuse<\/span><\/li>\n<li style=\"font-weight: 400;\" aria-level=\"1\"><b>Saveurs<\/b> &amp;#8211 ; eau gazeuse exactement selon le go\u00fbt<\/li>\n<\/ul>\n\n\t\t<\/div>\n\t<\/div>\n<\/div><\/div><\/div><\/div><\/div><\/div><\/div><\/div><div class=\"vc_row-full-width vc_clearfix\"><\/div><div data-vc-full-width=\"true\" data-vc-full-width-init=\"false\" class=\"vc_row wpb_row vc_row-fluid block list-block vc_row-o-content-bottom vc_row-flex wd-rs-61967ca74d794\"><div class=\"wpb_column vc_column_container vc_col-sm-12 wd-alignment-left\"><div class=\"vc_column-inner\"><div class=\"wpb_wrapper\">\n\t<div class=\"wpb_text_column wpb_content_element headtitle background subtitle alt\" >\n\t\t<div class=\"wpb_wrapper\">\n\t\t\t<p>Universel pour tous les appareils<\/p>\n\n\t\t<\/div>\n\t<\/div>\n<div class=\"vc_row wpb_row vc_inner vc_row-fluid images two centered vc_row-o-content-middle vc_row-flex wd-rs-619664d24e362\"><div class=\"wpb_column vc_column_container vc_col-sm-12\"><div class=\"vc_column-inner\"><div class=\"wpb_wrapper\">\n\t<div  class=\"wpb_single_image wpb_content_element vc_align_left left\">\n\t\t\n\t\t<figure class=\"wpb_wrapper vc_figure\">\n\t\t\t<div class=\"vc_single_image-wrapper   vc_box_border_grey\"><img decoding=\"async\" width=\"316\" height=\"843\" src=\"https:\/\/llms-solutions.com\/wp-content\/uploads\/2022\/04\/Gasportal-Website-presentatie-Met-Visuals-Final-gesleept-03.jpg\" class=\"vc_single_image-img attachment-full\" alt=\"\" title=\"Gasportal - Pr\u00e9sentation du site web -- Avec visuels - Final (Deleted)-03\" srcset=\"https:\/\/llms-solutions.com\/wp-content\/uploads\/2022\/04\/Gasportal-Website-presentatie-Met-Visuals-Final-gesleept-03.jpg 316w, https:\/\/llms-solutions.com\/wp-content\/uploads\/2022\/04\/Gasportal-Website-presentatie-Met-Visuals-Final-gesleept-03-112x300.jpg 112w, https:\/\/llms-solutions.com\/wp-content\/uploads\/2022\/04\/Gasportal-Website-presentatie-Met-Visuals-Final-gesleept-03-4x12.jpg 4w\" sizes=\"(max-width: 316px) 100vw, 316px\" \/><\/div>\n\t\t<\/figure>\n\t<\/div>\n\n\t<div class=\"wpb_text_column wpb_content_element\" >\n\t\t<div class=\"wpb_wrapper\">\n\t\t\t<ul>\n<li><strong>Universel<\/strong> &amp;#8211 ; convient \u00e0 tous les appareils y compris sodastream<\/li>\n<li><strong>Haute qualit\u00e9<\/strong> &amp;#8211 ; 100% puret\u00e9 CO2<\/li>\n<li><strong>Rechargeable<\/strong> &amp;#8211 ; par le principe d'\u00e9change<\/li>\n<\/ul>\n\n\t\t<\/div>\n\t<\/div>\n\n\t<div  class=\"wpb_single_image wpb_content_element vc_align_left right\">\n\t\t\n\t\t<figure class=\"wpb_wrapper vc_figure\">\n\t\t\t<div class=\"vc_single_image-wrapper   vc_box_border_grey\"><img decoding=\"async\" width=\"368\" height=\"624\" src=\"https:\/\/llms-solutions.com\/wp-content\/uploads\/2022\/04\/Sodastream-apparaat-3.png\" class=\"vc_single_image-img attachment-full\" alt=\"\" title=\"Dispositif Sodastream 3\" srcset=\"https:\/\/llms-solutions.com\/wp-content\/uploads\/2022\/04\/Sodastream-apparaat-3.png 368w, https:\/\/llms-solutions.com\/wp-content\/uploads\/2022\/04\/Sodastream-apparaat-3-177x300.png 177w\" sizes=\"(max-width: 368px) 100vw, 368px\" \/><\/div>\n\t\t<\/figure>\n\t<\/div>\n\n\t<div  class=\"wpb_single_image wpb_content_element vc_align_left right\">\n\t\t\n\t\t<figure class=\"wpb_wrapper vc_figure\">\n\t\t\t<div class=\"vc_single_image-wrapper   vc_box_border_grey\"><img decoding=\"async\" width=\"498\" height=\"792\" src=\"https:\/\/llms-solutions.com\/wp-content\/uploads\/2022\/04\/Sodastream-apparaat-2.png\" class=\"vc_single_image-img attachment-full\" alt=\"\" title=\"Dispositif Sodastream 2\" srcset=\"https:\/\/llms-solutions.com\/wp-content\/uploads\/2022\/04\/Sodastream-apparaat-2.png 498w, https:\/\/llms-solutions.com\/wp-content\/uploads\/2022\/04\/Sodastream-apparaat-2-189x300.png 189w\" sizes=\"(max-width: 498px) 100vw, 498px\" \/><\/div>\n\t\t<\/figure>\n\t<\/div>\n\n\t<div  class=\"wpb_single_image wpb_content_element vc_align_left right\">\n\t\t\n\t\t<figure class=\"wpb_wrapper vc_figure\">\n\t\t\t<div class=\"vc_single_image-wrapper   vc_box_border_grey\"><img decoding=\"async\" width=\"568\" height=\"890\" src=\"https:\/\/llms-solutions.com\/wp-content\/uploads\/2022\/04\/Sodastream-apparaat-1.png\" class=\"vc_single_image-img attachment-full\" alt=\"\" title=\"Dispositif Sodastream 1\" srcset=\"https:\/\/llms-solutions.com\/wp-content\/uploads\/2022\/04\/Sodastream-apparaat-1.png 568w, https:\/\/llms-solutions.com\/wp-content\/uploads\/2022\/04\/Sodastream-apparaat-1-191x300.png 191w\" sizes=\"(max-width: 568px) 100vw, 568px\" \/><\/div>\n\t\t<\/figure>\n\t<\/div>\n<\/div><\/div><\/div><\/div><\/div><\/div><\/div><\/div><div class=\"vc_row-full-width vc_clearfix\"><\/div><div data-vc-full-width=\"true\" data-vc-full-width-init=\"false\" data-vc-stretch-content=\"true\" class=\"vc_row wpb_row vc_row-fluid image-text text-center block-margin big-text vc_custom_1650616556132 vc_row-has-fill vc_row-o-content-middle vc_row-flex wd-rs-626268261d463\"><div class=\"wpb_column vc_column_container vc_col-sm-12 wd-alignment-left\"><div class=\"vc_column-inner\"><div class=\"wpb_wrapper\">\n\t<div class=\"wpb_text_column wpb_content_element\" >\n\t\t<div class=\"wpb_wrapper\">\n\t\t\t<p style=\"text-align: center;\">ATTEINDRE LE CLIENT MODERNE<\/p>\n\n\t\t<\/div>\n\t<\/div>\n<\/div><\/div><\/div><\/div><div class=\"vc_row-full-width vc_clearfix\"><\/div><div data-vc-full-width=\"true\" data-vc-full-width-init=\"false\" class=\"vc_row wpb_row vc_row-fluid contact vc_custom_1664214500885 vc_row-has-fill wd-rs-6331e5cfea8c9\"><div class=\"wpb_column vc_column_container vc_col-sm-12 wd-alignment-left\"><div class=\"vc_column-inner\"><div class=\"wpb_wrapper\">\n\t<div class=\"wpb_text_column wpb_content_element\" >\n\t\t<div class=\"wpb_wrapper\">\n\t\t\t<h2 style=\"text-align: center;\">Nous contacter<\/h2>\n<p dir=\"ltr\" style=\"text-align: center;\"><strong>LLMS SOLUTIONS SP\u00d3\u0141KA Z OGRANICZON\u0104 ODPOWIEDZIALNO\u015aCI\u0104<\/strong><\/p>\n<p dir=\"ltr\" style=\"text-align: center;\">M : <a href=\"mailto:Sales@llms-Solutions.com\">Sales@llms-Solutions.com<\/a><br \/>\nT : +48 789661710<\/p>\n<p class=\"p1\" style=\"text-align: center;\">\u015anie\u017ckowice 31C<br \/>\n27-425 wa\u015bni\u00f3w, Pologne<\/p>\n<p class=\"p1\" style=\"text-align: center;\">REGON : 525201835<br \/>\nNIP : 6612386844<br \/>\nNum\u00e9ro KRS : 0001034026<\/p>\n<p dir=\"ltr\" style=\"text-align: center;\"><a href=\"https:\/\/llms-solutions.com\/fr\/terms-of-service\/\">Conditions d'utilisation<\/a> | <a href=\"https:\/\/llms-solutions.com\/fr\/privacy-policy\/\">Politique de confidentialit\u00e9<\/a><\/p>\n\n\t\t<\/div>\n\t<\/div>\n<\/div><\/div><\/div><\/div><div class=\"vc_row-full-width vc_clearfix\"><\/div>","protected":false},"excerpt":{"rendered":"Votre propre bouteille de CO2 sous marque priv\u00e9e, notamment pour les supermarch\u00e9s Profitez d'une demande croissante de la part des consommateurs La bouteille de CO2 sous marque priv\u00e9e Avantages","protected":false},"author":1,"featured_media":0,"parent":0,"menu_order":0,"comment_status":"closed","ping_status":"closed","template":"","meta":{"footnotes":""},"class_list":["post-81","page","type-page","status-publish","hentry"],"yoast_head":"<!-- This site is optimized with the Yoast SEO plugin v25.1 - https:\/\/yoast.com\/wordpress\/plugins\/seo\/ -->\n<title>Voordelen - The Gas-Portal<\/title>\n<meta name=\"robots\" content=\"index, follow, max-snippet:-1, max-image-preview:large, max-video-preview:-1\" \/>\n<link rel=\"canonical\" href=\"https:\/\/llms-solutions.com\/fr\/voordelen\/\" \/>\n<meta property=\"og:locale\" content=\"fr_FR\" \/>\n<meta property=\"og:type\" content=\"article\" \/>\n<meta property=\"og:title\" content=\"Voordelen - The Gas-Portal\" \/>\n<meta property=\"og:url\" content=\"https:\/\/llms-solutions.com\/fr\/voordelen\/\" \/>\n<meta property=\"og:site_name\" content=\"The Gas-Portal\" \/>\n<meta property=\"article:modified_time\" content=\"2024-06-04T09:08:06+00:00\" \/>\n<meta name=\"twitter:card\" content=\"summary_large_image\" \/>\n<meta name=\"twitter:label1\" content=\"Dur\u00e9e de lecture estim\u00e9e\" \/>\n\t<meta name=\"twitter:data1\" content=\"3 minutes\" \/>\n<script type=\"application\/ld+json\" class=\"yoast-schema-graph\">{\"@context\":\"https:\/\/schema.org\",\"@graph\":[{\"@type\":\"WebPage\",\"@id\":\"https:\/\/llms-solutions.com\/voordelen\/\",\"url\":\"https:\/\/llms-solutions.com\/voordelen\/\",\"name\":\"Voordelen - The Gas-Portal\",\"isPartOf\":{\"@id\":\"https:\/\/llms-solutions.com\/#website\"},\"datePublished\":\"2022-04-20T06:45:35+00:00\",\"dateModified\":\"2024-06-04T09:08:06+00:00\",\"breadcrumb\":{\"@id\":\"https:\/\/llms-solutions.com\/voordelen\/#breadcrumb\"},\"inLanguage\":\"fr-FR\",\"potentialAction\":[{\"@type\":\"ReadAction\",\"target\":[\"https:\/\/llms-solutions.com\/voordelen\/\"]}]},{\"@type\":\"BreadcrumbList\",\"@id\":\"https:\/\/llms-solutions.com\/voordelen\/#breadcrumb\",\"itemListElement\":[{\"@type\":\"ListItem\",\"position\":1,\"name\":\"Home\",\"item\":\"https:\/\/llms-solutions.com\/\"},{\"@type\":\"ListItem\",\"position\":2,\"name\":\"Voordelen\"}]},{\"@type\":\"WebSite\",\"@id\":\"https:\/\/llms-solutions.com\/#website\",\"url\":\"https:\/\/llms-solutions.com\/\",\"name\":\"The Gas-Portal\",\"description\":\"Innovative partner in consumer products\",\"potentialAction\":[{\"@type\":\"SearchAction\",\"target\":{\"@type\":\"EntryPoint\",\"urlTemplate\":\"https:\/\/llms-solutions.com\/?s={search_term_string}\"},\"query-input\":{\"@type\":\"PropertyValueSpecification\",\"valueRequired\":true,\"valueName\":\"search_term_string\"}}],\"inLanguage\":\"fr-FR\"}]}<\/script>\n<!-- \/ Yoast SEO plugin. -->","yoast_head_json":{"title":"Voordelen - The Gas-Portal","robots":{"index":"index","follow":"follow","max-snippet":"max-snippet:-1","max-image-preview":"max-image-preview:large","max-video-preview":"max-video-preview:-1"},"canonical":"https:\/\/llms-solutions.com\/fr\/voordelen\/","og_locale":"fr_FR","og_type":"article","og_title":"Voordelen - The Gas-Portal","og_url":"https:\/\/llms-solutions.com\/fr\/voordelen\/","og_site_name":"The Gas-Portal","article_modified_time":"2024-06-04T09:08:06+00:00","twitter_card":"summary_large_image","twitter_misc":{"Dur\u00e9e de lecture estim\u00e9e":"3 minutes"},"schema":{"@context":"https:\/\/schema.org","@graph":[{"@type":"WebPage","@id":"https:\/\/llms-solutions.com\/voordelen\/","url":"https:\/\/llms-solutions.com\/voordelen\/","name":"Voordelen - The Gas-Portal","isPartOf":{"@id":"https:\/\/llms-solutions.com\/#website"},"datePublished":"2022-04-20T06:45:35+00:00","dateModified":"2024-06-04T09:08:06+00:00","breadcrumb":{"@id":"https:\/\/llms-solutions.com\/voordelen\/#breadcrumb"},"inLanguage":"fr-FR","potentialAction":[{"@type":"ReadAction","target":["https:\/\/llms-solutions.com\/voordelen\/"]}]},{"@type":"BreadcrumbList","@id":"https:\/\/llms-solutions.com\/voordelen\/#breadcrumb","itemListElement":[{"@type":"ListItem","position":1,"name":"Home","item":"https:\/\/llms-solutions.com\/"},{"@type":"ListItem","position":2,"name":"Voordelen"}]},{"@type":"WebSite","@id":"https:\/\/llms-solutions.com\/#website","url":"https:\/\/llms-solutions.com\/","name":"The Gas-Portal","description":"Innovative partner in consumer products","potentialAction":[{"@type":"SearchAction","target":{"@type":"EntryPoint","urlTemplate":"https:\/\/llms-solutions.com\/?s={search_term_string}"},"query-input":{"@type":"PropertyValueSpecification","valueRequired":true,"valueName":"search_term_string"}}],"inLanguage":"fr-FR"}]}},"_links":{"self":[{"href":"https:\/\/llms-solutions.com\/fr\/wp-json\/wp\/v2\/pages\/81","targetHints":{"allow":["GET"]}}],"collection":[{"href":"https:\/\/llms-solutions.com\/fr\/wp-json\/wp\/v2\/pages"}],"about":[{"href":"https:\/\/llms-solutions.com\/fr\/wp-json\/wp\/v2\/types\/page"}],"author":[{"embeddable":true,"href":"https:\/\/llms-solutions.com\/fr\/wp-json\/wp\/v2\/users\/1"}],"replies":[{"embeddable":true,"href":"https:\/\/llms-solutions.com\/fr\/wp-json\/wp\/v2\/comments?post=81"}],"version-history":[{"count":11,"href":"https:\/\/llms-solutions.com\/fr\/wp-json\/wp\/v2\/pages\/81\/revisions"}],"predecessor-version":[{"id":148,"href":"https:\/\/llms-solutions.com\/fr\/wp-json\/wp\/v2\/pages\/81\/revisions\/148"}],"wp:attachment":[{"href":"https:\/\/llms-solutions.com\/fr\/wp-json\/wp\/v2\/media?parent=81"}],"curies":[{"name":"wp","href":"https:\/\/api.w.org\/{rel}","templated":true}]}}