{"id":107,"date":"2022-09-26T17:28:32","date_gmt":"2022-09-26T17:28:32","guid":{"rendered":"https:\/\/thegasportal.com\/?page_id=107"},"modified":"2024-06-04T09:06:46","modified_gmt":"2024-06-04T09:06:46","slug":"contact","status":"publish","type":"page","link":"https:\/\/llms-solutions.com\/en\/contact\/","title":{"rendered":"Contact"},"content":{"rendered":"<div class=\"vc_row wpb_row vc_row-fluid vc_custom_1664214688941 wd-rs-6331e69ca8f37\"><div class=\"wpb_column vc_column_container vc_col-sm-6 wd-alignment-left wd-rs-6331e33f0839c\"><div class=\"vc_column-inner vc_custom_1664213827780\"><div class=\"wpb_wrapper\">\n\t<div class=\"wpb_text_column wpb_content_element\" >\n\t\t<div class=\"wpb_wrapper\">\n\t\t\t<h3>Please contact us<\/h3>\n<p>LLMS SOLUTIONS SP\u00d3\u0141KA Z OGRANICZON\u0104 ODPOWIEDZIALNO\u015aCI\u0104 specializes in liquid gas applications. We develop circular products, bring innovative applications to the market for companies in hospitality and catering, and act as a wholesaler for liquid gas. Please feel free to contact us if you are interested in any of our products.<\/p>\n<p dir=\"ltr\" style=\"text-align: left;\"><strong>LLMS SOLUTIONS SP\u00d3\u0141KA Z OGRANICZON\u0104 ODPOWIEDZIALNO\u015aCI\u0104<\/strong><\/p>\n<p dir=\"ltr\" style=\"text-align: left;\">M: <a href=\"mailto:sales@llms-solutions.com\">sales@llms-solutions.com<\/a><br \/>\nT: +48 789661710<\/p>\n<p class=\"p1\" style=\"text-align: left;\">\u015anie\u017ckowice 31C<br \/>\n27-425 wa\u015bni\u00f3w, Poland<\/p>\n<p class=\"p1\" style=\"text-align: left;\">REGON: 525201835<br \/>\nNIP: 6612386844<br \/>\nKRS number: 0001034026<\/p>\n<p dir=\"ltr\" style=\"text-align: left;\"><a href=\"https:\/\/llms-solutions.com\/en\/terms-of-service\/\">Terms of Service<\/a> | <a href=\"https:\/\/llms-solutions.com\/en\/privacy-policy\/\">Privacy Policy<\/a><\/p>\n\n\t\t<\/div>\n\t<\/div>\n<\/div><\/div><\/div><div class=\"wpb_column vc_column_container vc_col-sm-6 wd-alignment-left\"><div class=\"vc_column-inner\"><div class=\"wpb_wrapper\">\n<div class=\"wpcf7 no-js\" id=\"wpcf7-f7-o1\" lang=\"nl-NL\" dir=\"ltr\" data-wpcf7-id=\"7\">\n<div class=\"screen-reader-response\"><p role=\"status\" aria-live=\"polite\" aria-atomic=\"true\"><\/p> <ul><\/ul><\/div>\n<form action=\"\/en\/wp-json\/wp\/v2\/pages\/107#wpcf7-f7-o1\" method=\"post\" class=\"wpcf7-form init\" aria-label=\"Contact form\" novalidate=\"novalidate\" data-status=\"init\" data-trp-original-action=\"\/en\/wp-json\/wp\/v2\/pages\/107#wpcf7-f7-o1\">\n<div style=\"display: none;\">\n<input type=\"hidden\" name=\"_wpcf7\" value=\"7\" \/>\n<input type=\"hidden\" name=\"_wpcf7_version\" value=\"6.0.6\" \/>\n<input type=\"hidden\" name=\"_wpcf7_locale\" value=\"nl_NL\" \/>\n<input type=\"hidden\" name=\"_wpcf7_unit_tag\" value=\"wpcf7-f7-o1\" \/>\n<input type=\"hidden\" name=\"_wpcf7_container_post\" value=\"0\" \/>\n<input type=\"hidden\" name=\"_wpcf7_posted_data_hash\" value=\"\" \/>\n<\/div>\n<p><label> Name<br \/>\n<span class=\"wpcf7-form-control-wrap\" data-name=\"your-name\"><input size=\"40\" maxlength=\"400\" class=\"wpcf7-form-control wpcf7-text wpcf7-validates-as-required\" aria-required=\"true\" aria-invalid=\"false\" value=\"\" type=\"text\" name=\"your-name\" \/><\/span> <\/label>\n<\/p>\n<p><label> Email address<br \/>\n<span class=\"wpcf7-form-control-wrap\" data-name=\"your-email\"><input size=\"40\" maxlength=\"400\" class=\"wpcf7-form-control wpcf7-email wpcf7-validates-as-required wpcf7-text wpcf7-validates-as-email\" aria-required=\"true\" aria-invalid=\"false\" value=\"\" type=\"email\" name=\"your-email\" \/><\/span> <\/label>\n<\/p>\n<p><label> Subject<br \/>\n<span class=\"wpcf7-form-control-wrap\" data-name=\"your-subject\"><input size=\"40\" maxlength=\"400\" class=\"wpcf7-form-control wpcf7-text wpcf7-validates-as-required\" aria-required=\"true\" aria-invalid=\"false\" value=\"\" type=\"text\" name=\"your-subject\" \/><\/span> <\/label>\n<\/p>\n<p><label> Message<br \/>\n<span class=\"wpcf7-form-control-wrap\" data-name=\"your-message\"><textarea cols=\"40\" rows=\"10\" maxlength=\"2000\" class=\"wpcf7-form-control wpcf7-textarea\" aria-invalid=\"false\" name=\"your-message\"><\/textarea><\/span> <\/label>\n<\/p>\n<p><input class=\"wpcf7-form-control wpcf7-submit has-spinner\" type=\"submit\" value=\"Shipping\" \/>\n<\/p><div class=\"wpcf7-response-output\" aria-hidden=\"true\"><\/div>\n<input type=\"hidden\" name=\"trp-form-language\" value=\"en\"\/><\/form>\n<\/div>\n<\/div><\/div><\/div><\/div><div data-vc-full-width=\"true\" data-vc-full-width-init=\"false\" class=\"vc_row wpb_row vc_row-fluid contact vc_custom_1640108366657 vc_row-has-fill wd-rs-61c2114a2c746\"><div class=\"wpb_column vc_column_container vc_col-sm-12 wd-alignment-left\"><div class=\"vc_column-inner\"><div class=\"wpb_wrapper\">\n\t<div class=\"wpb_text_column wpb_content_element\" >\n\t\t<div class=\"wpb_wrapper\">\n\t\t\t<h2 style=\"text-align: center;\">Contact us<\/h2>\n<p dir=\"ltr\" style=\"text-align: center;\"><strong>LLMS SOLUTIONS SP\u00d3\u0141KA Z OGRANICZON\u0104 ODPOWIEDZIALNO\u015aCI\u0104<\/strong><\/p>\n<p dir=\"ltr\" style=\"text-align: center;\">M: <a href=\"mailto:Sales@llms-Solutions.com\">Sales@llms-Solutions.com<\/a><br \/>\nT: +48 789661710<\/p>\n<p class=\"p1\" style=\"text-align: center;\">\u015anie\u017ckowice 31C<br \/>\n27-425 wa\u015bni\u00f3w, Poland<\/p>\n<p class=\"p1\" style=\"text-align: center;\">REGON: 525201835<br \/>\nNIP: 6612386844<br \/>\nKRS number: 0001034026<\/p>\n<p dir=\"ltr\" style=\"text-align: center;\"><a href=\"https:\/\/llms-solutions.com\/en\/terms-of-service\/\">Terms of Service<\/a> | <a href=\"https:\/\/llms-solutions.com\/en\/privacy-policy\/\">Privacy Policy<\/a><\/p>\n\n\t\t<\/div>\n\t<\/div>\n<\/div><\/div><\/div><\/div><div class=\"vc_row-full-width vc_clearfix\"><\/div>","protected":false},"excerpt":{"rendered":"Contact us LLMS SOLUTIONS SP\u00d3\u0141KA Z OGRANICZON\u0104 ODPOWIEDZIALNO\u015aCI\u0104 specializes in liquid gas applications. We develop","protected":false},"author":1,"featured_media":0,"parent":0,"menu_order":0,"comment_status":"closed","ping_status":"closed","template":"","meta":{"footnotes":""},"class_list":["post-107","page","type-page","status-publish","hentry"],"yoast_head":"<!-- This site is optimized with the Yoast SEO plugin v25.1 - https:\/\/yoast.com\/wordpress\/plugins\/seo\/ -->\n<title>Contact - The Gas-Portal<\/title>\n<meta name=\"robots\" content=\"index, follow, max-snippet:-1, max-image-preview:large, max-video-preview:-1\" \/>\n<link rel=\"canonical\" href=\"https:\/\/llms-solutions.com\/en\/contact\/\" \/>\n<meta property=\"og:locale\" content=\"en_US\" \/>\n<meta property=\"og:type\" content=\"article\" \/>\n<meta property=\"og:title\" content=\"Contact - The Gas-Portal\" \/>\n<meta property=\"og:url\" content=\"https:\/\/llms-solutions.com\/en\/contact\/\" \/>\n<meta property=\"og:site_name\" content=\"The Gas-Portal\" \/>\n<meta property=\"article:modified_time\" content=\"2024-06-04T09:06:46+00:00\" \/>\n<meta name=\"twitter:card\" content=\"summary_large_image\" \/>\n<meta name=\"twitter:label1\" content=\"Est. reading time\" \/>\n\t<meta name=\"twitter:data1\" content=\"1 minute\" \/>\n<script type=\"application\/ld+json\" class=\"yoast-schema-graph\">{\"@context\":\"https:\/\/schema.org\",\"@graph\":[{\"@type\":\"WebPage\",\"@id\":\"https:\/\/llms-solutions.com\/contact\/\",\"url\":\"https:\/\/llms-solutions.com\/contact\/\",\"name\":\"Contact - The Gas-Portal\",\"isPartOf\":{\"@id\":\"https:\/\/llms-solutions.com\/#website\"},\"datePublished\":\"2022-09-26T17:28:32+00:00\",\"dateModified\":\"2024-06-04T09:06:46+00:00\",\"breadcrumb\":{\"@id\":\"https:\/\/llms-solutions.com\/contact\/#breadcrumb\"},\"inLanguage\":\"en-US\",\"potentialAction\":[{\"@type\":\"ReadAction\",\"target\":[\"https:\/\/llms-solutions.com\/contact\/\"]}]},{\"@type\":\"BreadcrumbList\",\"@id\":\"https:\/\/llms-solutions.com\/contact\/#breadcrumb\",\"itemListElement\":[{\"@type\":\"ListItem\",\"position\":1,\"name\":\"Home\",\"item\":\"https:\/\/llms-solutions.com\/\"},{\"@type\":\"ListItem\",\"position\":2,\"name\":\"Contact\"}]},{\"@type\":\"WebSite\",\"@id\":\"https:\/\/llms-solutions.com\/#website\",\"url\":\"https:\/\/llms-solutions.com\/\",\"name\":\"The Gas-Portal\",\"description\":\"Innovative partner in consumer products\",\"potentialAction\":[{\"@type\":\"SearchAction\",\"target\":{\"@type\":\"EntryPoint\",\"urlTemplate\":\"https:\/\/llms-solutions.com\/?s={search_term_string}\"},\"query-input\":{\"@type\":\"PropertyValueSpecification\",\"valueRequired\":true,\"valueName\":\"search_term_string\"}}],\"inLanguage\":\"en-US\"}]}<\/script>\n<!-- \/ Yoast SEO plugin. -->","yoast_head_json":{"title":"Contact - The Gas-Portal","robots":{"index":"index","follow":"follow","max-snippet":"max-snippet:-1","max-image-preview":"max-image-preview:large","max-video-preview":"max-video-preview:-1"},"canonical":"https:\/\/llms-solutions.com\/en\/contact\/","og_locale":"en_US","og_type":"article","og_title":"Contact - The Gas-Portal","og_url":"https:\/\/llms-solutions.com\/en\/contact\/","og_site_name":"The Gas-Portal","article_modified_time":"2024-06-04T09:06:46+00:00","twitter_card":"summary_large_image","twitter_misc":{"Est. reading time":"1 minute"},"schema":{"@context":"https:\/\/schema.org","@graph":[{"@type":"WebPage","@id":"https:\/\/llms-solutions.com\/contact\/","url":"https:\/\/llms-solutions.com\/contact\/","name":"Contact - The Gas-Portal","isPartOf":{"@id":"https:\/\/llms-solutions.com\/#website"},"datePublished":"2022-09-26T17:28:32+00:00","dateModified":"2024-06-04T09:06:46+00:00","breadcrumb":{"@id":"https:\/\/llms-solutions.com\/contact\/#breadcrumb"},"inLanguage":"en-US","potentialAction":[{"@type":"ReadAction","target":["https:\/\/llms-solutions.com\/contact\/"]}]},{"@type":"BreadcrumbList","@id":"https:\/\/llms-solutions.com\/contact\/#breadcrumb","itemListElement":[{"@type":"ListItem","position":1,"name":"Home","item":"https:\/\/llms-solutions.com\/"},{"@type":"ListItem","position":2,"name":"Contact"}]},{"@type":"WebSite","@id":"https:\/\/llms-solutions.com\/#website","url":"https:\/\/llms-solutions.com\/","name":"The Gas-Portal","description":"Innovative partner in consumer products","potentialAction":[{"@type":"SearchAction","target":{"@type":"EntryPoint","urlTemplate":"https:\/\/llms-solutions.com\/?s={search_term_string}"},"query-input":{"@type":"PropertyValueSpecification","valueRequired":true,"valueName":"search_term_string"}}],"inLanguage":"en-US"}]}},"_links":{"self":[{"href":"https:\/\/llms-solutions.com\/en\/wp-json\/wp\/v2\/pages\/107","targetHints":{"allow":["GET"]}}],"collection":[{"href":"https:\/\/llms-solutions.com\/en\/wp-json\/wp\/v2\/pages"}],"about":[{"href":"https:\/\/llms-solutions.com\/en\/wp-json\/wp\/v2\/types\/page"}],"author":[{"embeddable":true,"href":"https:\/\/llms-solutions.com\/en\/wp-json\/wp\/v2\/users\/1"}],"replies":[{"embeddable":true,"href":"https:\/\/llms-solutions.com\/en\/wp-json\/wp\/v2\/comments?post=107"}],"version-history":[{"count":17,"href":"https:\/\/llms-solutions.com\/en\/wp-json\/wp\/v2\/pages\/107\/revisions"}],"predecessor-version":[{"id":145,"href":"https:\/\/llms-solutions.com\/en\/wp-json\/wp\/v2\/pages\/107\/revisions\/145"}],"wp:attachment":[{"href":"https:\/\/llms-solutions.com\/en\/wp-json\/wp\/v2\/media?parent=107"}],"curies":[{"name":"wp","href":"https:\/\/api.w.org\/{rel}","templated":true}]}}